{"id":32,"date":"2023-05-09T14:39:46","date_gmt":"2023-05-09T14:39:46","guid":{"rendered":"https:\/\/aquaperidot.com\/?page_id=32"},"modified":"2023-05-09T14:39:46","modified_gmt":"2023-05-09T14:39:46","slug":"elerhetoseg","status":"publish","type":"page","link":"https:\/\/aquaperidot.com\/index.php\/elerhetoseg\/","title":{"rendered":"El\u00e9rhet\u0151s\u00e9g"},"content":{"rendered":"\n<p>Ez egy n\u00e9h\u00e1ny kapcsolati adatot, mint pl. c\u00edm, telefonsz\u00e1m, tartalmaz\u00f3 oldal. Lehet b\u0151v\u00edtm\u00e9nyt is haszn\u00e1lni egy kapcsolati \u0171rlap beilleszt\u00e9s\u00e9hez.<\/p>\n\n<p>Create your <a href=\"https:\/\/aquaperidot.com\/wp-admin\/admin.php?page=wpforms-overview\" target=\"_blank\" rel=\"noopener noreferrer\">contact form<\/a> with WPForms in minutes.<\/p>\n","protected":false},"excerpt":{"rendered":"<p>Ez egy n\u00e9h\u00e1ny kapcsolati adatot, mint pl. c\u00edm, telefonsz\u00e1m, tartalmaz\u00f3 oldal. Lehet b\u0151v\u00edtm\u00e9nyt is haszn\u00e1lni egy kapcsolati \u0171rlap beilleszt\u00e9s\u00e9hez. Create<\/p>\n","protected":false},"author":1,"featured_media":0,"parent":0,"menu_order":0,"comment_status":"closed","ping_status":"closed","template":"page-templates\/contact.php","meta":{"_mi_skip_tracking":false},"_links":{"self":[{"href":"https:\/\/aquaperidot.com\/index.php\/wp-json\/wp\/v2\/pages\/32"}],"collection":[{"href":"https:\/\/aquaperidot.com\/index.php\/wp-json\/wp\/v2\/pages"}],"about":[{"href":"https:\/\/aquaperidot.com\/index.php\/wp-json\/wp\/v2\/types\/page"}],"author":[{"embeddable":true,"href":"https:\/\/aquaperidot.com\/index.php\/wp-json\/wp\/v2\/users\/1"}],"replies":[{"embeddable":true,"href":"https:\/\/aquaperidot.com\/index.php\/wp-json\/wp\/v2\/comments?post=32"}],"version-history":[{"count":1,"href":"https:\/\/aquaperidot.com\/index.php\/wp-json\/wp\/v2\/pages\/32\/revisions"}],"predecessor-version":[{"id":43,"href":"https:\/\/aquaperidot.com\/index.php\/wp-json\/wp\/v2\/pages\/32\/revisions\/43"}],"wp:attachment":[{"href":"https:\/\/aquaperidot.com\/index.php\/wp-json\/wp\/v2\/media?parent=32"}],"curies":[{"name":"wp","href":"https:\/\/api.w.org\/{rel}","templated":true}]}}